{"id":3003,"date":"2026-02-02T15:49:27","date_gmt":"2026-02-02T15:49:27","guid":{"rendered":"https:\/\/www.verein-interkultur.eu\/main_neu\/?page_id=3003"},"modified":"2026-02-02T16:34:01","modified_gmt":"2026-02-02T16:34:01","slug":"mitglied-werden","status":"publish","type":"page","link":"http:\/\/www.verein-interkultur.eu\/main_neu\/?page_id=3003","title":{"rendered":"Mitglied werden!"},"content":{"rendered":"\n<div class=\"wp-block-columns are-vertically-aligned-center is-layout-flex wp-container-core-columns-is-layout-9d6595d7 wp-block-columns-is-layout-flex\">\n<div class=\"wp-block-column is-vertically-aligned-center is-layout-flow wp-block-column-is-layout-flow\" style=\"flex-basis:33.33%\">\n<figure class=\"wp-block-image size-full\"><a href=\"https:\/\/www.verein-interkultur.eu\/main_neu\/wp-content\/uploads\/2026\/02\/Neues-Mitglied.jpg\"><img loading=\"lazy\" decoding=\"async\" width=\"283\" height=\"193\" src=\"https:\/\/www.verein-interkultur.eu\/main_neu\/wp-content\/uploads\/2026\/02\/Neues-Mitglied.jpg\" alt=\"\" class=\"wp-image-3008\"\/><\/a><\/figure>\n<\/div>\n\n\n\n<div class=\"wp-block-column is-vertically-aligned-center is-layout-flow wp-block-column-is-layout-flow\" style=\"flex-basis:66.66%\">\n<p>Toll dass Du dich f\u00fcr eine Mitgliedschaft interessierst!<br \/>Bitte einfach die Beitrittserkl\u00e4rung herunterladen, durchlesen, ausf\u00fcllen und an uns schicken.<\/p>\n\n\n\n<p>Wir melden uns dann bei Dir.<\/p>\n<\/div>\n<\/div>\n\n\n\n<div class=\"wp-block-buttons is-layout-flex wp-block-buttons-is-layout-flex\">\n<div class=\"wp-block-button\"><a class=\"wp-block-button__link wp-element-button\" href=\"http:\/\/www.verein-interkultur.eu\/main_neu\/wp-content\/uploads\/2024\/06\/Beitrittserklaerung-Interkultur-2024.pdf\">Beitrittserkl\u00e4rung herunterladen<\/a><\/div>\n<\/div>\n\n\n\n<p><\/p>\n\n\n\n<p><\/p>\n","protected":false},"excerpt":{"rendered":"<p>Toll dass Du dich f\u00fcr eine Mitgliedschaft interessierst!Bitte einfach die Beitrittserkl\u00e4rung herunterladen, durchlesen, ausf\u00fcllen und an uns schicken. Wir melden uns dann bei Dir.<\/p>\n","protected":false},"author":8,"featured_media":0,"parent":0,"menu_order":0,"comment_status":"closed","ping_status":"closed","template":"","meta":{"footnotes":""},"class_list":["post-3003","page","type-page","status-publish","hentry"],"_links":{"self":[{"href":"http:\/\/www.verein-interkultur.eu\/main_neu\/index.php?rest_route=\/wp\/v2\/pages\/3003","targetHints":{"allow":["GET"]}}],"collection":[{"href":"http:\/\/www.verein-interkultur.eu\/main_neu\/index.php?rest_route=\/wp\/v2\/pages"}],"about":[{"href":"http:\/\/www.verein-interkultur.eu\/main_neu\/index.php?rest_route=\/wp\/v2\/types\/page"}],"author":[{"embeddable":true,"href":"http:\/\/www.verein-interkultur.eu\/main_neu\/index.php?rest_route=\/wp\/v2\/users\/8"}],"replies":[{"embeddable":true,"href":"http:\/\/www.verein-interkultur.eu\/main_neu\/index.php?rest_route=%2Fwp%2Fv2%2Fcomments&post=3003"}],"version-history":[{"count":5,"href":"http:\/\/www.verein-interkultur.eu\/main_neu\/index.php?rest_route=\/wp\/v2\/pages\/3003\/revisions"}],"predecessor-version":[{"id":3010,"href":"http:\/\/www.verein-interkultur.eu\/main_neu\/index.php?rest_route=\/wp\/v2\/pages\/3003\/revisions\/3010"}],"wp:attachment":[{"href":"http:\/\/www.verein-interkultur.eu\/main_neu\/index.php?rest_route=%2Fwp%2Fv2%2Fmedia&parent=3003"}],"curies":[{"name":"wp","href":"https:\/\/api.w.org\/{rel}","templated":true}]}}