{"id":3059,"date":"2026-05-03T18:23:26","date_gmt":"2026-05-03T18:23:26","guid":{"rendered":"https:\/\/www.verein-interkultur.eu\/main_neu\/?page_id=3059"},"modified":"2026-05-04T16:03:23","modified_gmt":"2026-05-04T16:03:23","slug":"750-jahre-stadt-germersheim","status":"publish","type":"page","link":"http:\/\/www.verein-interkultur.eu\/main_neu\/?page_id=3059","title":{"rendered":"750 Jahre Stadt Germersheim"},"content":{"rendered":"\n<p>Im Jahr 1276 erhielt Germersheim von Rudolf von Habsburg die Stadtrechte.<br \/>750 Jahre sp\u00e4ter feiert die Stadt dieses besondere Jubil\u00e4um im Jahr 2026.<\/p>\n\n\n\n<p><\/p>\n\n\n\n<div class=\"wp-block-columns is-layout-flex wp-container-core-columns-is-layout-9d6595d7 wp-block-columns-is-layout-flex\">\n<div class=\"wp-block-column is-layout-flow wp-block-column-is-layout-flow\" style=\"flex-basis:66.66%\">\n<figure class=\"wp-block-image size-full\"><a href=\"https:\/\/www.verein-interkultur.eu\/main_neu\/wp-content\/uploads\/2026\/05\/750-Logo1.jpg\"><img loading=\"lazy\" decoding=\"async\" width=\"587\" height=\"350\" src=\"https:\/\/www.verein-interkultur.eu\/main_neu\/wp-content\/uploads\/2026\/05\/750-Logo1.jpg\" alt=\"\" class=\"wp-image-3064\" srcset=\"http:\/\/www.verein-interkultur.eu\/main_neu\/wp-content\/uploads\/2026\/05\/750-Logo1.jpg 587w, http:\/\/www.verein-interkultur.eu\/main_neu\/wp-content\/uploads\/2026\/05\/750-Logo1-300x179.jpg 300w, http:\/\/www.verein-interkultur.eu\/main_neu\/wp-content\/uploads\/2026\/05\/750-Logo1-500x298.jpg 500w\" sizes=\"auto, (max-width: 587px) 100vw, 587px\" \/><\/a><\/figure>\n<\/div>\n\n\n\n<div class=\"wp-block-column is-vertically-aligned-center is-layout-flow wp-block-column-is-layout-flow\" style=\"flex-basis:33.33%\">\n<p>Der H\u00f6hepunkt wird das gro\u00dfe Festwochenende vom <strong>28. bis 30. August 2026<\/strong> sein.<\/p>\n<\/div>\n<\/div>\n\n\n\n<p>Hier schon mal eine Vorschau auf das Programm, das von Interkultur Germersheim begleitet und organisiert wird. <br \/>Weitere Einzelheiten zum Programm und zur Location folgen, \u00c4nderungen vorbehalten!<\/p>\n\n\n\n<p class=\"has-medium-font-size\"><strong>Freitag 28.08.2026<\/strong><\/p>\n\n\n\n<ul class=\"wp-block-list has-light-gray-background-color has-background\">\n<li>18:00 Musikgemeinschaft des FTSK (Studierende der UNI-Germersheim)<\/li>\n\n\n\n<li>20:00 The Vineyard &#8211; Emotionale Rockmusik https:\/\/thevineyard.jimdofree.com<\/li>\n\n\n\n<li>22:10 TanzSportSchule Yaroslava &#8211; LED-Show www.tss-yaroslava.de<\/li>\n\n\n\n<li>22:30 Gablonzky Beat &#8211; Rock www.gablonzkybeat.de<\/li>\n<\/ul>\n\n\n\n<p class=\"has-medium-font-size\"><strong>Samstag 29.08.2026<\/strong><\/p>\n\n\n\n<ul class=\"wp-block-list has-light-gray-background-color has-background\">\n<li>Ab 12:00 Buntes Programm (Verschiedene Tanzgruppen und Vorf\u00fchrungen)<\/li>\n\n\n\n<li>15:00 Programmpause &#8211; Gro\u00dfer Festumzug der Stadt<\/li>\n\n\n\n<li>17:00 Lulu Weiss Trio &#8211; Sinti-Jazz www.leon-musique.de\/lulu-weiss-trio<\/li>\n\n\n\n<li>18:30 USED Twins &#8211; Indie-Pop www.used-theband.com<\/li>\n\n\n\n<li>20:00 Zweierpasch &#8211; World-HipHop www.zweierpasch.com<\/li>\n\n\n\n<li>22:10 Fireflies &#8211; Feuer-Poi-Spinning-Show www.instagram.com\/fireflies_germersheim<\/li>\n\n\n\n<li>22:30 Rock Around the Orient (R.A.T.O.) &#8211; Oriental www.rockaroundtheorient.com<\/li>\n<\/ul>\n\n\n\n<p class=\"has-medium-font-size\"><strong>Sonntag 30.08.2026<\/strong><\/p>\n\n\n\n<ul class=\"wp-block-list has-light-gray-background-color has-background\">\n<li>Ab 12:00 Buntes Programm (Verschiedene Tanzgruppen und Vorf\u00fchrungen)<\/li>\n\n\n\n<li>15:30 Ze Paella (Reunion) \u2013 Rock\/Reggae\/Funk www.myownmusic.de\/ze_paella<\/li>\n\n\n\n<li>17:00 Papa Ralf und Rana Estedt &#8211; Liedermacher www.paparalf.de<\/li>\n\n\n\n<li>18:30 Dapper Dan Men &#8211; Country&amp;Bluegrass www.dapper-dan-men.de<\/li>\n\n\n\n<li>20:30 Tribubu \u2013 WorldMusic\/Rumba\/Afro\/Folk www.tribubu.com<\/li>\n\n\n\n<li><strong>ca. 22:30 Abschlussfeuerwerk der Stadt Germersheim im Stadtpark<\/strong><\/li>\n<\/ul>\n\n\n\n<p>Tipp: alle weiteren Informationen rund um das gesamte Stadtjubil\u00e4um sind auf der Homepage der Stadt Germersheim unter &#8222;<a href=\"https:\/\/www.germersheim.eu\/kultur-tourismus\/feste-maerkte\/stadtjubilaeum\/\" target=\"_blank\" rel=\"noreferrer noopener\">Stadtjubil\u00e4um 2026<\/a>&#8220; zu finden.<\/p>\n\n\n\n<p><\/p>\n","protected":false},"excerpt":{"rendered":"<p>Im Jahr 1276 erhielt Germersheim von Rudolf von Habsburg die Stadtrechte.750 Jahre sp\u00e4ter feiert die Stadt dieses besondere Jubil\u00e4um im Jahr 2026. Der H\u00f6hepunkt wird das gro\u00dfe Festwochenende vom 28. bis 30. August 2026 sein. Hier schon mal eine Vorschau &hellip; <a href=\"http:\/\/www.verein-interkultur.eu\/main_neu\/?page_id=3059\">Weiterlesen <span class=\"meta-nav\">&rarr;<\/span><\/a><\/p>\n","protected":false},"author":8,"featured_media":0,"parent":0,"menu_order":0,"comment_status":"closed","ping_status":"closed","template":"","meta":{"footnotes":""},"class_list":["post-3059","page","type-page","status-publish","hentry"],"_links":{"self":[{"href":"http:\/\/www.verein-interkultur.eu\/main_neu\/index.php?rest_route=\/wp\/v2\/pages\/3059","targetHints":{"allow":["GET"]}}],"collection":[{"href":"http:\/\/www.verein-interkultur.eu\/main_neu\/index.php?rest_route=\/wp\/v2\/pages"}],"about":[{"href":"http:\/\/www.verein-interkultur.eu\/main_neu\/index.php?rest_route=\/wp\/v2\/types\/page"}],"author":[{"embeddable":true,"href":"http:\/\/www.verein-interkultur.eu\/main_neu\/index.php?rest_route=\/wp\/v2\/users\/8"}],"replies":[{"embeddable":true,"href":"http:\/\/www.verein-interkultur.eu\/main_neu\/index.php?rest_route=%2Fwp%2Fv2%2Fcomments&post=3059"}],"version-history":[{"count":14,"href":"http:\/\/www.verein-interkultur.eu\/main_neu\/index.php?rest_route=\/wp\/v2\/pages\/3059\/revisions"}],"predecessor-version":[{"id":3075,"href":"http:\/\/www.verein-interkultur.eu\/main_neu\/index.php?rest_route=\/wp\/v2\/pages\/3059\/revisions\/3075"}],"wp:attachment":[{"href":"http:\/\/www.verein-interkultur.eu\/main_neu\/index.php?rest_route=%2Fwp%2Fv2%2Fmedia&parent=3059"}],"curies":[{"name":"wp","href":"https:\/\/api.w.org\/{rel}","templated":true}]}}