{"id":1568,"date":"2017-12-21T08:28:09","date_gmt":"2017-12-21T08:28:09","guid":{"rendered":"http:\/\/www.verein-interkultur.eu\/main_neu\/?page_id=1568"},"modified":"2025-05-28T13:12:04","modified_gmt":"2025-05-28T13:12:04","slug":"vorstand-2","status":"publish","type":"page","link":"https:\/\/www.verein-interkultur.eu\/main_neu\/?page_id=1568","title":{"rendered":"Vorstand"},"content":{"rendered":"<p>Der Vorstand von Interkultur Germersheim setzt sich seit der Mitgliederversammlung vom 19. M\u00e4rz 2025 wie folgt zusammen:<\/p>\n<p>Teamvorstand mit 6 gleichberechtigten Vorstandsmitgliedern: <a class=\"moz-txt-link-abbreviated\" href=\"mailto:yvonne@verein-interkultur.eu\">vorstand@verein-interkultur.eu<\/a><\/p>\n\n\n<div class=\"wp-block-group\"><div class=\"wp-block-group__inner-container is-layout-constrained wp-block-group-is-layout-constrained\">\n<div class=\"wp-block-columns has-light-gray-background-color has-background is-layout-flex wp-container-core-columns-is-layout-9d6595d7 wp-block-columns-is-layout-flex\">\n<div class=\"wp-block-column is-vertically-aligned-center is-layout-flow wp-block-column-is-layout-flow\">\n<figure data-wp-context=\"{&quot;imageId&quot;:&quot;69e786079cefa&quot;}\" data-wp-interactive=\"core\/image\" data-wp-key=\"69e786079cefa\" class=\"wp-block-image size-full wp-lightbox-container\"><img loading=\"lazy\" decoding=\"async\" width=\"510\" height=\"510\" data-wp-class--hide=\"state.isContentHidden\" data-wp-class--show=\"state.isContentVisible\" data-wp-init=\"callbacks.setButtonStyles\" data-wp-on--click=\"actions.showLightbox\" data-wp-on--load=\"callbacks.setButtonStyles\" data-wp-on-window--resize=\"callbacks.setButtonStyles\" src=\"https:\/\/www.verein-interkultur.eu\/main_neu\/wp-content\/uploads\/2025\/05\/Interkultur-Imagepost.jpg\" alt=\"\" class=\"wp-image-2846\" srcset=\"https:\/\/www.verein-interkultur.eu\/main_neu\/wp-content\/uploads\/2025\/05\/Interkultur-Imagepost.jpg 510w, https:\/\/www.verein-interkultur.eu\/main_neu\/wp-content\/uploads\/2025\/05\/Interkultur-Imagepost-300x300.jpg 300w, https:\/\/www.verein-interkultur.eu\/main_neu\/wp-content\/uploads\/2025\/05\/Interkultur-Imagepost-150x150.jpg 150w\" sizes=\"auto, (max-width: 510px) 100vw, 510px\" \/><button\n\t\t\tclass=\"lightbox-trigger\"\n\t\t\ttype=\"button\"\n\t\t\taria-haspopup=\"dialog\"\n\t\t\taria-label=\"Vergr\u00f6\u00dfern\"\n\t\t\tdata-wp-init=\"callbacks.initTriggerButton\"\n\t\t\tdata-wp-on--click=\"actions.showLightbox\"\n\t\t\tdata-wp-style--right=\"state.imageButtonRight\"\n\t\t\tdata-wp-style--top=\"state.imageButtonTop\"\n\t\t>\n\t\t\t<svg xmlns=\"http:\/\/www.w3.org\/2000\/svg\" width=\"12\" height=\"12\" fill=\"none\" viewBox=\"0 0 12 12\">\n\t\t\t\t<path fill=\"#fff\" d=\"M2 0a2 2 0 0 0-2 2v2h1.5V2a.5.5 0 0 1 .5-.5h2V0H2Zm2 10.5H2a.5.5 0 0 1-.5-.5V8H0v2a2 2 0 0 0 2 2h2v-1.5ZM8 12v-1.5h2a.5.5 0 0 0 .5-.5V8H12v2a2 2 0 0 1-2 2H8Zm2-12a2 2 0 0 1 2 2v2h-1.5V2a.5.5 0 0 0-.5-.5H8V0h2Z\" \/>\n\t\t\t<\/svg>\n\t\t<\/button><\/figure>\n<\/div>\n\n\n\n<div class=\"wp-block-column is-vertically-aligned-center is-layout-flow wp-block-column-is-layout-flow\">\n<p>Sonja H\u00e4u\u00dfler (Schriftf\u00fchrung) <br \/><a href=\"mailto:sonja@verein-interkultur.eu\" target=\"_blank\" rel=\"noreferrer noopener\">sonja@verein-interkultur.eu<\/a><\/p>\n\n\n\n<p>Yvonne van de Zande (Kasse) <br \/><a href=\"mailto:yvonne@verein-interkultur.eu\" target=\"_blank\" rel=\"noreferrer noopener\">yvonne@verein-interkultur.eu<\/a><\/p>\n\n\n\n<p>Irina Rudolf (Kontakt RuDeWe + FireFlies) <br \/><a href=\"mailto:irina@verein-interkultur.eu\" target=\"_blank\" rel=\"noreferrer noopener\">irina@verein-interkultur.eu<\/a><\/p>\n\n\n\n<p>Tony Tranter-Krstev (Interkulturelles, Hilfe f\u00fcr gefl\u00fcchtete Ukrainer*innen&#8230;) <br \/><a href=\"mailto:tony@verein-interkultur.eu\" target=\"_blank\" rel=\"noreferrer noopener\">tony@verein-interkultur.eu<\/a><\/p>\n\n\n\n<p>Lynn Elms<br \/><a href=\"mailto:Lynn@verein-interkultur.eu\" target=\"_blank\" rel=\"noreferrer noopener\">Lynn@verein-interkultur.eu<\/a><\/p>\n\n\n\n<p>Matthias Becky (Konzerte, Festungsfestprogramm, Social Media)<br \/><a href=\"mailto:wolfgang@verein-interkultur.eu\" target=\"_blank\" rel=\"noreferrer noopener\">matthias@verein-interkultur.eu<\/a><\/p>\n<\/div>\n<\/div>\n<\/div><\/div>\n\n\n\n<p><\/p>\n","protected":false},"excerpt":{"rendered":"<p>Der Vorstand von Interkultur Germersheim setzt sich seit der Mitgliederversammlung vom 19. M\u00e4rz 2025 wie folgt zusammen: Teamvorstand mit 6 gleichberechtigten Vorstandsmitgliedern: vorstand@verein-interkultur.eu Sonja H\u00e4u\u00dfler (Schriftf\u00fchrung) sonja@verein-interkultur.eu Yvonne van de Zande (Kasse) yvonne@verein-interkultur.eu Irina Rudolf (Kontakt RuDeWe + FireFlies) irina@verein-interkultur.eu &hellip; <a href=\"https:\/\/www.verein-interkultur.eu\/main_neu\/?page_id=1568\">Weiterlesen <span class=\"meta-nav\">&rarr;<\/span><\/a><\/p>\n","protected":false},"author":8,"featured_media":0,"parent":848,"menu_order":0,"comment_status":"closed","ping_status":"closed","template":"","meta":{"footnotes":""},"class_list":["post-1568","page","type-page","status-publish","hentry"],"_links":{"self":[{"href":"https:\/\/www.verein-interkultur.eu\/main_neu\/index.php?rest_route=\/wp\/v2\/pages\/1568","targetHints":{"allow":["GET"]}}],"collection":[{"href":"https:\/\/www.verein-interkultur.eu\/main_neu\/index.php?rest_route=\/wp\/v2\/pages"}],"about":[{"href":"https:\/\/www.verein-interkultur.eu\/main_neu\/index.php?rest_route=\/wp\/v2\/types\/page"}],"author":[{"embeddable":true,"href":"https:\/\/www.verein-interkultur.eu\/main_neu\/index.php?rest_route=\/wp\/v2\/users\/8"}],"replies":[{"embeddable":true,"href":"https:\/\/www.verein-interkultur.eu\/main_neu\/index.php?rest_route=%2Fwp%2Fv2%2Fcomments&post=1568"}],"version-history":[{"count":14,"href":"https:\/\/www.verein-interkultur.eu\/main_neu\/index.php?rest_route=\/wp\/v2\/pages\/1568\/revisions"}],"predecessor-version":[{"id":2843,"href":"https:\/\/www.verein-interkultur.eu\/main_neu\/index.php?rest_route=\/wp\/v2\/pages\/1568\/revisions\/2843"}],"up":[{"embeddable":true,"href":"https:\/\/www.verein-interkultur.eu\/main_neu\/index.php?rest_route=\/wp\/v2\/pages\/848"}],"wp:attachment":[{"href":"https:\/\/www.verein-interkultur.eu\/main_neu\/index.php?rest_route=%2Fwp%2Fv2%2Fmedia&parent=1568"}],"curies":[{"name":"wp","href":"https:\/\/api.w.org\/{rel}","templated":true}]}}