{"id":2584,"date":"2024-06-08T16:43:08","date_gmt":"2024-06-08T16:43:08","guid":{"rendered":"https:\/\/www.verein-interkultur.eu\/main_neu\/?page_id=2584"},"modified":"2024-06-08T16:55:46","modified_gmt":"2024-06-08T16:55:46","slug":"aktivitaeten","status":"publish","type":"page","link":"https:\/\/www.verein-interkultur.eu\/main_neu\/?page_id=2584","title":{"rendered":"Aktivit\u00e4ten"},"content":{"rendered":"\n<p>Hier sind alle Informationen zu den regelm\u00e4\u00dfigen Aktivit\u00e4ten unseres Vereins zu finden. <br \/>Alles zu unseren Veranstaltungen wie Konzerte, offene B\u00fchne etc. steht auf der Begr\u00fc\u00dfungsseite.<\/p>\n\n\n<div class=\"wp-block-image\">\n<figure class=\"aligncenter size-full\"><a href=\"http:\/\/www.verein-interkultur.eu\/main_neu\/wp-content\/uploads\/2024\/06\/New-Homepage-Under-Construction.png\"><img loading=\"lazy\" decoding=\"async\" width=\"443\" height=\"443\" src=\"http:\/\/www.verein-interkultur.eu\/main_neu\/wp-content\/uploads\/2024\/06\/New-Homepage-Under-Construction.png\" alt=\"\" class=\"wp-image-2573\" srcset=\"https:\/\/www.verein-interkultur.eu\/main_neu\/wp-content\/uploads\/2024\/06\/New-Homepage-Under-Construction.png 443w, https:\/\/www.verein-interkultur.eu\/main_neu\/wp-content\/uploads\/2024\/06\/New-Homepage-Under-Construction-300x300.png 300w, https:\/\/www.verein-interkultur.eu\/main_neu\/wp-content\/uploads\/2024\/06\/New-Homepage-Under-Construction-150x150.png 150w\" sizes=\"auto, (max-width: 443px) 100vw, 443px\" \/><\/a><\/figure>\n<\/div>\n\n\n<p class=\"has-text-align-center\">Diese Seite ist noch im Entstehen, bitte noch etwas Geduld!<\/p>\n","protected":false},"excerpt":{"rendered":"<p>Hier sind alle Informationen zu den regelm\u00e4\u00dfigen Aktivit\u00e4ten unseres Vereins zu finden. Alles zu unseren Veranstaltungen wie Konzerte, offene B\u00fchne etc. steht auf der Begr\u00fc\u00dfungsseite. Diese Seite ist noch im Entstehen, bitte noch etwas Geduld!<\/p>\n","protected":false},"author":8,"featured_media":0,"parent":0,"menu_order":0,"comment_status":"closed","ping_status":"closed","template":"","meta":{"footnotes":""},"class_list":["post-2584","page","type-page","status-publish","hentry"],"_links":{"self":[{"href":"https:\/\/www.verein-interkultur.eu\/main_neu\/index.php?rest_route=\/wp\/v2\/pages\/2584","targetHints":{"allow":["GET"]}}],"collection":[{"href":"https:\/\/www.verein-interkultur.eu\/main_neu\/index.php?rest_route=\/wp\/v2\/pages"}],"about":[{"href":"https:\/\/www.verein-interkultur.eu\/main_neu\/index.php?rest_route=\/wp\/v2\/types\/page"}],"author":[{"embeddable":true,"href":"https:\/\/www.verein-interkultur.eu\/main_neu\/index.php?rest_route=\/wp\/v2\/users\/8"}],"replies":[{"embeddable":true,"href":"https:\/\/www.verein-interkultur.eu\/main_neu\/index.php?rest_route=%2Fwp%2Fv2%2Fcomments&post=2584"}],"version-history":[{"count":3,"href":"https:\/\/www.verein-interkultur.eu\/main_neu\/index.php?rest_route=\/wp\/v2\/pages\/2584\/revisions"}],"predecessor-version":[{"id":2589,"href":"https:\/\/www.verein-interkultur.eu\/main_neu\/index.php?rest_route=\/wp\/v2\/pages\/2584\/revisions\/2589"}],"wp:attachment":[{"href":"https:\/\/www.verein-interkultur.eu\/main_neu\/index.php?rest_route=%2Fwp%2Fv2%2Fmedia&parent=2584"}],"curies":[{"name":"wp","href":"https:\/\/api.w.org\/{rel}","templated":true}]}}