{"id":2729,"date":"2025-05-23T15:39:59","date_gmt":"2025-05-23T15:39:59","guid":{"rendered":"https:\/\/www.verein-interkultur.eu\/main_neu\/?page_id=2729"},"modified":"2025-11-24T09:54:30","modified_gmt":"2025-11-24T09:54:30","slug":"offene-buehne","status":"publish","type":"page","link":"https:\/\/www.verein-interkultur.eu\/main_neu\/?page_id=2729","title":{"rendered":"Offene B\u00fchne"},"content":{"rendered":"\n<p><\/p>\n\n\n\n<div class=\"wp-block-columns has-light-gray-background-color has-background is-layout-flex wp-container-core-columns-is-layout-9d6595d7 wp-block-columns-is-layout-flex\">\n<div class=\"wp-block-column is-layout-flow wp-block-column-is-layout-flow\" style=\"flex-basis:66.66%\">\n<figure class=\"wp-block-image size-full\"><a href=\"http:\/\/www.verein-interkultur.eu\/main_neu\/wp-content\/uploads\/2025\/05\/Offene-Buehne.jpg\"><img loading=\"lazy\" decoding=\"async\" width=\"425\" height=\"316\" src=\"http:\/\/www.verein-interkultur.eu\/main_neu\/wp-content\/uploads\/2025\/05\/Offene-Buehne.jpg\" alt=\"\" class=\"wp-image-2730\" srcset=\"https:\/\/www.verein-interkultur.eu\/main_neu\/wp-content\/uploads\/2025\/05\/Offene-Buehne.jpg 425w, https:\/\/www.verein-interkultur.eu\/main_neu\/wp-content\/uploads\/2025\/05\/Offene-Buehne-300x223.jpg 300w, https:\/\/www.verein-interkultur.eu\/main_neu\/wp-content\/uploads\/2025\/05\/Offene-Buehne-403x300.jpg 403w\" sizes=\"auto, (max-width: 425px) 100vw, 425px\" \/><\/a><\/figure>\n<\/div>\n\n\n\n<div class=\"wp-block-column is-layout-flow wp-block-column-is-layout-flow\" style=\"flex-basis:33.33%\">\n<p class=\"has-small-font-size\"><strong>Termine 2025<br \/><\/strong>08. Dezember<\/p>\n\n\n\n<p class=\"has-small-font-size\"><strong>Termine 2026<\/strong><br \/>9. Februar<br \/>18. Mai<br \/>14. September<br \/>23. November<br \/><br \/>(\u00c4nderungen sind m\u00f6glich, bitte nachpr\u00fcfen)<\/p>\n<\/div>\n<\/div>\n\n\n\n<p><\/p>\n","protected":false},"excerpt":{"rendered":"<p>Termine 202508. Dezember Termine 20269. Februar18. Mai14. September23. November (\u00c4nderungen sind m\u00f6glich, bitte nachpr\u00fcfen)<\/p>\n","protected":false},"author":8,"featured_media":0,"parent":0,"menu_order":0,"comment_status":"closed","ping_status":"closed","template":"","meta":{"footnotes":""},"class_list":["post-2729","page","type-page","status-publish","hentry"],"_links":{"self":[{"href":"https:\/\/www.verein-interkultur.eu\/main_neu\/index.php?rest_route=\/wp\/v2\/pages\/2729","targetHints":{"allow":["GET"]}}],"collection":[{"href":"https:\/\/www.verein-interkultur.eu\/main_neu\/index.php?rest_route=\/wp\/v2\/pages"}],"about":[{"href":"https:\/\/www.verein-interkultur.eu\/main_neu\/index.php?rest_route=\/wp\/v2\/types\/page"}],"author":[{"embeddable":true,"href":"https:\/\/www.verein-interkultur.eu\/main_neu\/index.php?rest_route=\/wp\/v2\/users\/8"}],"replies":[{"embeddable":true,"href":"https:\/\/www.verein-interkultur.eu\/main_neu\/index.php?rest_route=%2Fwp%2Fv2%2Fcomments&post=2729"}],"version-history":[{"count":5,"href":"https:\/\/www.verein-interkultur.eu\/main_neu\/index.php?rest_route=\/wp\/v2\/pages\/2729\/revisions"}],"predecessor-version":[{"id":2951,"href":"https:\/\/www.verein-interkultur.eu\/main_neu\/index.php?rest_route=\/wp\/v2\/pages\/2729\/revisions\/2951"}],"wp:attachment":[{"href":"https:\/\/www.verein-interkultur.eu\/main_neu\/index.php?rest_route=%2Fwp%2Fv2%2Fmedia&parent=2729"}],"curies":[{"name":"wp","href":"https:\/\/api.w.org\/{rel}","templated":true}]}}