{"id":2742,"date":"2025-05-23T16:51:20","date_gmt":"2025-05-23T16:51:20","guid":{"rendered":"https:\/\/www.verein-interkultur.eu\/main_neu\/?page_id=2742"},"modified":"2025-05-23T16:53:54","modified_gmt":"2025-05-23T16:53:54","slug":"picknick-konzerte","status":"publish","type":"page","link":"https:\/\/www.verein-interkultur.eu\/main_neu\/?page_id=2742","title":{"rendered":"Picknick-Konzerte"},"content":{"rendered":"\n<p>Immer wieder Sonntags &#8211; ab 11:00 Uhr&#8230; <\/p>\n\n\n\n<p><strong>Termine 2025<br \/><\/strong>24. August<br \/><\/p>\n\n\n\n<p>Freier Eintritt, wir sammeln euren freiwilligen Beitrag f\u00fcr die Band per Hut!<br \/>Es werden Getr\u00e4nke, Kaffee und Waffeln angeboten.<br \/>Eigene Picknickverpflegung kann gerne mitgebracht werden.<br \/>Eine Tischreservierung ist bei Tony m\u00f6glich unter: office@attk.de oder 07274 6190, ansonsten ist Platz f\u00fcr eure Picknickdecken, Campingst\u00fchle\u2026<br \/><br \/>Bei schlechtem Wetter findet das Konzert im Haus statt.<br \/>Kommt vorbei, zu unserem chilligen Picknickkonzert-Format!<\/p>\n\n\n\n<div class=\"wp-block-columns has-light-gray-background-color has-background is-layout-flex wp-container-core-columns-is-layout-9d6595d7 wp-block-columns-is-layout-flex\">\n<div class=\"wp-block-column is-layout-flow wp-block-column-is-layout-flow\"><div class=\"wp-block-image\">\n<figure class=\"aligncenter size-full is-resized\"><a href=\"http:\/\/www.verein-interkultur.eu\/main_neu\/wp-content\/uploads\/2025\/05\/Picknick3.jpg\" target=\"_blank\" rel=\"noreferrer noopener\"><img loading=\"lazy\" decoding=\"async\" width=\"425\" height=\"283\" src=\"http:\/\/www.verein-interkultur.eu\/main_neu\/wp-content\/uploads\/2025\/05\/Picknick3.jpg\" alt=\"Picknick Konzert bei Interkultur Germersheim\" class=\"wp-image-2745\" style=\"width:201px;height:auto\" srcset=\"https:\/\/www.verein-interkultur.eu\/main_neu\/wp-content\/uploads\/2025\/05\/Picknick3.jpg 425w, https:\/\/www.verein-interkultur.eu\/main_neu\/wp-content\/uploads\/2025\/05\/Picknick3-300x200.jpg 300w\" sizes=\"auto, (max-width: 425px) 100vw, 425px\" \/><\/a><\/figure>\n<\/div><\/div>\n\n\n\n<div class=\"wp-block-column is-layout-flow wp-block-column-is-layout-flow\"><div class=\"wp-block-image\">\n<figure class=\"aligncenter size-full is-resized\"><a href=\"http:\/\/www.verein-interkultur.eu\/main_neu\/wp-content\/uploads\/2025\/05\/Picknick1.jpg\" target=\"_blank\" rel=\"noreferrer noopener\"><img loading=\"lazy\" decoding=\"async\" width=\"425\" height=\"283\" src=\"http:\/\/www.verein-interkultur.eu\/main_neu\/wp-content\/uploads\/2025\/05\/Picknick1.jpg\" alt=\"\" class=\"wp-image-2743\" style=\"width:202px;height:auto\" srcset=\"https:\/\/www.verein-interkultur.eu\/main_neu\/wp-content\/uploads\/2025\/05\/Picknick1.jpg 425w, https:\/\/www.verein-interkultur.eu\/main_neu\/wp-content\/uploads\/2025\/05\/Picknick1-300x200.jpg 300w\" sizes=\"auto, (max-width: 425px) 100vw, 425px\" \/><\/a><\/figure>\n<\/div><\/div>\n\n\n\n<div class=\"wp-block-column is-layout-flow wp-block-column-is-layout-flow\"><div class=\"wp-block-image\">\n<figure class=\"aligncenter size-full is-resized\"><a href=\"http:\/\/www.verein-interkultur.eu\/main_neu\/wp-content\/uploads\/2025\/05\/Picknick2.jpg\" target=\"_blank\" rel=\"noreferrer noopener\"><img loading=\"lazy\" decoding=\"async\" width=\"425\" height=\"283\" src=\"http:\/\/www.verein-interkultur.eu\/main_neu\/wp-content\/uploads\/2025\/05\/Picknick2.jpg\" alt=\"\" class=\"wp-image-2744\" style=\"width:201px;height:auto\" srcset=\"https:\/\/www.verein-interkultur.eu\/main_neu\/wp-content\/uploads\/2025\/05\/Picknick2.jpg 425w, https:\/\/www.verein-interkultur.eu\/main_neu\/wp-content\/uploads\/2025\/05\/Picknick2-300x200.jpg 300w\" sizes=\"auto, (max-width: 425px) 100vw, 425px\" \/><\/a><\/figure>\n<\/div><\/div>\n<\/div>\n\n\n\n<p><\/p>\n","protected":false},"excerpt":{"rendered":"<p>Immer wieder Sonntags &#8211; ab 11:00 Uhr&#8230; Termine 202524. August Freier Eintritt, wir sammeln euren freiwilligen Beitrag f\u00fcr die Band per Hut!Es werden Getr\u00e4nke, Kaffee und Waffeln angeboten.Eigene Picknickverpflegung kann gerne mitgebracht werden.Eine Tischreservierung ist bei Tony m\u00f6glich unter: office@attk.de &hellip; <a href=\"https:\/\/www.verein-interkultur.eu\/main_neu\/?page_id=2742\">Weiterlesen <span class=\"meta-nav\">&rarr;<\/span><\/a><\/p>\n","protected":false},"author":8,"featured_media":0,"parent":0,"menu_order":0,"comment_status":"closed","ping_status":"closed","template":"","meta":{"footnotes":""},"class_list":["post-2742","page","type-page","status-publish","hentry"],"_links":{"self":[{"href":"https:\/\/www.verein-interkultur.eu\/main_neu\/index.php?rest_route=\/wp\/v2\/pages\/2742","targetHints":{"allow":["GET"]}}],"collection":[{"href":"https:\/\/www.verein-interkultur.eu\/main_neu\/index.php?rest_route=\/wp\/v2\/pages"}],"about":[{"href":"https:\/\/www.verein-interkultur.eu\/main_neu\/index.php?rest_route=\/wp\/v2\/types\/page"}],"author":[{"embeddable":true,"href":"https:\/\/www.verein-interkultur.eu\/main_neu\/index.php?rest_route=\/wp\/v2\/users\/8"}],"replies":[{"embeddable":true,"href":"https:\/\/www.verein-interkultur.eu\/main_neu\/index.php?rest_route=%2Fwp%2Fv2%2Fcomments&post=2742"}],"version-history":[{"count":7,"href":"https:\/\/www.verein-interkultur.eu\/main_neu\/index.php?rest_route=\/wp\/v2\/pages\/2742\/revisions"}],"predecessor-version":[{"id":2753,"href":"https:\/\/www.verein-interkultur.eu\/main_neu\/index.php?rest_route=\/wp\/v2\/pages\/2742\/revisions\/2753"}],"wp:attachment":[{"href":"https:\/\/www.verein-interkultur.eu\/main_neu\/index.php?rest_route=%2Fwp%2Fv2%2Fmedia&parent=2742"}],"curies":[{"name":"wp","href":"https:\/\/api.w.org\/{rel}","templated":true}]}}