{"id":2754,"date":"2025-05-23T17:08:29","date_gmt":"2025-05-23T17:08:29","guid":{"rendered":"https:\/\/www.verein-interkultur.eu\/main_neu\/?page_id=2754"},"modified":"2025-10-17T15:09:58","modified_gmt":"2025-10-17T15:09:58","slug":"arbeitstreffen","status":"publish","type":"page","link":"https:\/\/www.verein-interkultur.eu\/main_neu\/?page_id=2754","title":{"rendered":"Arbeitstreffen"},"content":{"rendered":"\n<p>Jeden <strong>ersten <\/strong>oder <strong>zweiten Montag<\/strong> <strong>im Monat<\/strong> findet um 19 Uhr unser Arbeitstreffen im Haus Interkultur im Lamotte-Park statt. Hier werden vergangene und laufende Aktivit\u00e4ten des Vereins besprochen sowie zuk\u00fcnftige Aktivit\u00e4ten geplant.<br \/>Kommen Sie doch einmal vorbei, schauen Sie, wie wir arbeiten, und bringen Sie Ihre Ideen ein!<br \/>Bei Interesse schreiben Sie uns an <a href=\"mailto:vorstand@verein-interkultur.eu\">vorstand@verein-interkultur.eu<\/a> , wir laden wir Sie gerne zum n\u00e4chsten Treffen ein.<\/p>\n\n\n\n<figure class=\"wp-block-image size-full is-resized\"><a href=\"http:\/\/www.verein-interkultur.eu\/main_neu\/wp-content\/uploads\/2024\/06\/Haus-Interkultur-Germersheim-1.png\"><img loading=\"lazy\" decoding=\"async\" width=\"567\" height=\"367\" src=\"http:\/\/www.verein-interkultur.eu\/main_neu\/wp-content\/uploads\/2024\/06\/Haus-Interkultur-Germersheim-1.png\" alt=\"\" class=\"wp-image-2547\" style=\"width:315px;height:auto\" srcset=\"https:\/\/www.verein-interkultur.eu\/main_neu\/wp-content\/uploads\/2024\/06\/Haus-Interkultur-Germersheim-1.png 567w, https:\/\/www.verein-interkultur.eu\/main_neu\/wp-content\/uploads\/2024\/06\/Haus-Interkultur-Germersheim-1-300x194.png 300w\" sizes=\"auto, (max-width: 567px) 100vw, 567px\" \/><\/a><figcaption class=\"wp-element-caption\">Haus Interkultur im Lamotte-Park<\/figcaption><\/figure>\n\n\n\n<p><\/p>\n","protected":false},"excerpt":{"rendered":"<p>Jeden ersten oder zweiten Montag im Monat findet um 19 Uhr unser Arbeitstreffen im Haus Interkultur im Lamotte-Park statt. Hier werden vergangene und laufende Aktivit\u00e4ten des Vereins besprochen sowie zuk\u00fcnftige Aktivit\u00e4ten geplant.Kommen Sie doch einmal vorbei, schauen Sie, wie wir &hellip; <a href=\"https:\/\/www.verein-interkultur.eu\/main_neu\/?page_id=2754\">Weiterlesen <span class=\"meta-nav\">&rarr;<\/span><\/a><\/p>\n","protected":false},"author":8,"featured_media":0,"parent":0,"menu_order":0,"comment_status":"closed","ping_status":"closed","template":"","meta":{"footnotes":""},"class_list":["post-2754","page","type-page","status-publish","hentry"],"_links":{"self":[{"href":"https:\/\/www.verein-interkultur.eu\/main_neu\/index.php?rest_route=\/wp\/v2\/pages\/2754","targetHints":{"allow":["GET"]}}],"collection":[{"href":"https:\/\/www.verein-interkultur.eu\/main_neu\/index.php?rest_route=\/wp\/v2\/pages"}],"about":[{"href":"https:\/\/www.verein-interkultur.eu\/main_neu\/index.php?rest_route=\/wp\/v2\/types\/page"}],"author":[{"embeddable":true,"href":"https:\/\/www.verein-interkultur.eu\/main_neu\/index.php?rest_route=\/wp\/v2\/users\/8"}],"replies":[{"embeddable":true,"href":"https:\/\/www.verein-interkultur.eu\/main_neu\/index.php?rest_route=%2Fwp%2Fv2%2Fcomments&post=2754"}],"version-history":[{"count":4,"href":"https:\/\/www.verein-interkultur.eu\/main_neu\/index.php?rest_route=\/wp\/v2\/pages\/2754\/revisions"}],"predecessor-version":[{"id":2917,"href":"https:\/\/www.verein-interkultur.eu\/main_neu\/index.php?rest_route=\/wp\/v2\/pages\/2754\/revisions\/2917"}],"wp:attachment":[{"href":"https:\/\/www.verein-interkultur.eu\/main_neu\/index.php?rest_route=%2Fwp%2Fv2%2Fmedia&parent=2754"}],"curies":[{"name":"wp","href":"https:\/\/api.w.org\/{rel}","templated":true}]}}