{"id":2778,"date":"2025-05-24T15:58:38","date_gmt":"2025-05-24T15:58:38","guid":{"rendered":"https:\/\/www.verein-interkultur.eu\/main_neu\/?page_id=2778"},"modified":"2025-10-24T11:12:31","modified_gmt":"2025-10-24T11:12:31","slug":"pauken-im-park","status":"publish","type":"page","link":"https:\/\/www.verein-interkultur.eu\/main_neu\/?page_id=2778","title":{"rendered":"Pauken im Park"},"content":{"rendered":"\n<p>Das Projekt wurde im Fr\u00fchjahr 2021 w\u00e4hrend der Pandemie ins Leben gerufen, um<br \/>benachteiligte Kinder beim Aufholen von Lerndefiziten zu unterst\u00fctzen. An die 80 Kinder und Jugendliche haben diese Hilfe in Anspruch genommen w\u00e4hrend der letzten Jahre. <br \/>Gepaukt wird dienstags und freitags von 16.00 bis 17.30 Uhr in und am Interkultur-Haus im Park Fronte Lamotte. <\/p>\n\n\n\n<div class=\"wp-block-columns is-layout-flex wp-container-core-columns-is-layout-9d6595d7 wp-block-columns-is-layout-flex\">\n<div class=\"wp-block-column is-layout-flow wp-block-column-is-layout-flow\" style=\"flex-basis:33.33%\"><div class=\"wp-block-image\">\n<figure class=\"aligncenter size-full\"><a href=\"https:\/\/ol.wittich.de\/titel\/119\/ausgabe\/29\/2022\/artikel\/00000000000032201304-OL-119-2022-29-29-0\" target=\"_blank\" rel=\" noreferrer noopener\"><img loading=\"lazy\" decoding=\"async\" width=\"330\" height=\"218\" src=\"http:\/\/www.verein-interkultur.eu\/main_neu\/wp-content\/uploads\/2025\/10\/Integrationspreis-2021.jpeg\" alt=\"Integrationspreis 2021\" class=\"wp-image-2929\" srcset=\"https:\/\/www.verein-interkultur.eu\/main_neu\/wp-content\/uploads\/2025\/10\/Integrationspreis-2021.jpeg 330w, https:\/\/www.verein-interkultur.eu\/main_neu\/wp-content\/uploads\/2025\/10\/Integrationspreis-2021-300x198.jpeg 300w\" sizes=\"auto, (max-width: 330px) 100vw, 330px\" \/><\/a><figcaption class=\"wp-element-caption\">2021 erhielten wir f\u00fcr dieses Projekt den Integrationspreis des BMI und der Stadt Germersheim<\/figcaption><\/figure>\n<\/div><\/div>\n\n\n\n<div class=\"wp-block-column is-layout-flow wp-block-column-is-layout-flow\" style=\"flex-basis:66.66%\">\n<p>Das Projekt wird von der Caritas, dem Haus der Familie und der Sozialverwaltung der Stadt Germersheim unterst\u00fctzt. Wenn jemand Interesse an die ehrenamtliche Arbeit als Lernbegleiter\/-in hat oder das Projekt kennenlernen will, kann gerne dienstags oder freitags vorbeischauen.<\/p>\n<\/div>\n<\/div>\n\n\n\n<figure class=\"wp-block-image size-large\"><a href=\"http:\/\/www.verein-interkultur.eu\/main_neu\/wp-content\/uploads\/2021\/05\/Rheinpfalz-Pauken-im-Park-28.05.jpg\"><img loading=\"lazy\" decoding=\"async\" width=\"1024\" height=\"835\" src=\"http:\/\/www.verein-interkultur.eu\/main_neu\/wp-content\/uploads\/2021\/05\/Rheinpfalz-Pauken-im-Park-28.05-1024x835.jpg\" alt=\"\" class=\"wp-image-2097\" srcset=\"https:\/\/www.verein-interkultur.eu\/main_neu\/wp-content\/uploads\/2021\/05\/Rheinpfalz-Pauken-im-Park-28.05-1024x835.jpg 1024w, https:\/\/www.verein-interkultur.eu\/main_neu\/wp-content\/uploads\/2021\/05\/Rheinpfalz-Pauken-im-Park-28.05-300x245.jpg 300w, https:\/\/www.verein-interkultur.eu\/main_neu\/wp-content\/uploads\/2021\/05\/Rheinpfalz-Pauken-im-Park-28.05-768x626.jpg 768w, https:\/\/www.verein-interkultur.eu\/main_neu\/wp-content\/uploads\/2021\/05\/Rheinpfalz-Pauken-im-Park-28.05-1536x1253.jpg 1536w, https:\/\/www.verein-interkultur.eu\/main_neu\/wp-content\/uploads\/2021\/05\/Rheinpfalz-Pauken-im-Park-28.05.jpg 1734w\" sizes=\"auto, (max-width: 1024px) 100vw, 1024px\" \/><\/a><figcaption class=\"wp-element-caption\">Aus die &#8222;Rheinpfalz&#8220; vom 28.05.2021<\/figcaption><\/figure>\n\n\n\n<p><\/p>\n","protected":false},"excerpt":{"rendered":"<p>Das Projekt wurde im Fr\u00fchjahr 2021 w\u00e4hrend der Pandemie ins Leben gerufen, umbenachteiligte Kinder beim Aufholen von Lerndefiziten zu unterst\u00fctzen. An die 80 Kinder und Jugendliche haben diese Hilfe in Anspruch genommen w\u00e4hrend der letzten Jahre. Gepaukt wird dienstags und &hellip; <a href=\"https:\/\/www.verein-interkultur.eu\/main_neu\/?page_id=2778\">Weiterlesen <span class=\"meta-nav\">&rarr;<\/span><\/a><\/p>\n","protected":false},"author":8,"featured_media":0,"parent":0,"menu_order":0,"comment_status":"closed","ping_status":"closed","template":"","meta":{"footnotes":""},"class_list":["post-2778","page","type-page","status-publish","hentry"],"_links":{"self":[{"href":"https:\/\/www.verein-interkultur.eu\/main_neu\/index.php?rest_route=\/wp\/v2\/pages\/2778","targetHints":{"allow":["GET"]}}],"collection":[{"href":"https:\/\/www.verein-interkultur.eu\/main_neu\/index.php?rest_route=\/wp\/v2\/pages"}],"about":[{"href":"https:\/\/www.verein-interkultur.eu\/main_neu\/index.php?rest_route=\/wp\/v2\/types\/page"}],"author":[{"embeddable":true,"href":"https:\/\/www.verein-interkultur.eu\/main_neu\/index.php?rest_route=\/wp\/v2\/users\/8"}],"replies":[{"embeddable":true,"href":"https:\/\/www.verein-interkultur.eu\/main_neu\/index.php?rest_route=%2Fwp%2Fv2%2Fcomments&post=2778"}],"version-history":[{"count":10,"href":"https:\/\/www.verein-interkultur.eu\/main_neu\/index.php?rest_route=\/wp\/v2\/pages\/2778\/revisions"}],"predecessor-version":[{"id":2930,"href":"https:\/\/www.verein-interkultur.eu\/main_neu\/index.php?rest_route=\/wp\/v2\/pages\/2778\/revisions\/2930"}],"wp:attachment":[{"href":"https:\/\/www.verein-interkultur.eu\/main_neu\/index.php?rest_route=%2Fwp%2Fv2%2Fmedia&parent=2778"}],"curies":[{"name":"wp","href":"https:\/\/api.w.org\/{rel}","templated":true}]}}